{"id":790,"date":"2015-09-15T10:08:58","date_gmt":"2015-09-15T10:08:58","guid":{"rendered":"http:\/\/www.trendkids.de\/blog\/?page_id=790"},"modified":"2015-09-15T17:06:16","modified_gmt":"2015-09-15T17:06:16","slug":"teilnahmebedingungen-gewinnspiel-jake-und-die-nimmerlandpiraten","status":"publish","type":"page","link":"https:\/\/www.trendkids.de\/blog\/teilnahmebedingungen-gewinnspiel-jake-und-die-nimmerlandpiraten\/","title":{"rendered":"Teilnahmebedingungen &#8211; Gewinnspiel Jake und die Nimmerlandpiraten"},"content":{"rendered":"<p><strong><u>Teilnahmebedingungen am Gewinnspiel<\/u><\/strong><\/p>\n<p>Die Teilnahme ist kostenlos und unabh\u00e4ngig von einem Kauf oder einem sonstigen Vertragsschluss.<\/p>\n<p>Mit der Teilnahme an dem Gewinnspiel akzeptiert der Teilnehmer diese Teilnahmebedingungen. Veranstalter des Gewinnspiels ist Trend-Kids Kindermode, Karin Dammann \/ Monika Steffens, GbR , Breslauer Str. 23 , DE &#8211; 33428 Harsewinkel<br \/>\n<strong><u>1.Teilnahmeberechtigung<\/u><\/strong><\/p>\n<p>Teilnahmeberechtigt sind alle nat\u00fcrlichen Personen, die mindestens 18 Jahre alt sind und in Deutschland wohnen. Kinder und Jugendliche k\u00f6nnen anstelle der Sorgeberechtigten nur teilnehmen, wenn diese ausdr\u00fccklich einverstanden sind. Im Falle einer richtigen L\u00f6sung f\u00e4llt der Gewinn an die Eltern bzw. den Sorgeberechtigten.<br \/>\nDas Gewinnspiel ist auf Deutschland beschr\u00e4nkt.<\/p>\n<p>Teilnehmer des\u00a0 Gewinnspiels ist diejenige Person, der die E-Mail-Adresse, die bei der Anmeldung zum Gewinnspiel angegeben worden ist, geh\u00f6rt. Der Teilnehmer ist f\u00fcr die Richtigkeit seiner E-Mail- selbst verantwortlich.<\/p>\n<p>Mitarbeiter von Trend-Kids sowie deren Angeh\u00f6rige sind von der Teilnahme ausgeschlossen.<\/p>\n<p>&nbsp;<\/p>\n<p><strong><u>2.Teilnahme<\/u><\/strong><\/p>\n<p>Die Teilnahme am Gewinnspiel ist nur m\u00f6glich, durch das Abschicken einer E-Mail an <a href=\"mailto:info@trend-kids.de\">info@trend-kids.de<\/a><\/p>\n<p>Senden Sie uns einfach eine E-mail mit dem Kennwort: <strong><em>Gewinnspiel Jake<\/em><\/strong> und der L\u00f6sungsantwort zu der Frage: <strong><em>Wie hei\u00dfen die beiden Freunde von Piratenanf\u00fchrer Jake?<\/em><\/strong><\/p>\n<p><strong>Teilnahmeschluss ist der 01.08.2012<\/strong><\/p>\n<p><strong>\u00a0<\/strong><\/p>\n<ol start=\"3\">\n<li><strong><u> Gewinnbenachrichtigung<\/u><\/strong><strong>:<\/strong><\/li>\n<\/ol>\n<p>Die Gewinner werden ausgelost und per E-Mail benachrichtigt.<\/p>\n<p>Die Gewinner erkl\u00e4ren sich damit einverstanden, dass ihr Name und Wohnort (ohne Stra\u00dfe und Hausnummer) ab dem 05.08.2012 von Trend-Kids \u00a0auf <a href=\"http:\/\/www.trend-kids.de\/blog\">www.trend-kids.de\/blog<\/a> \u00a0ver\u00f6ffentlicht werden.<\/p>\n<p>Sollte sich ein Gewinner innerhalb einer Frist von 21 Tagen nach der Benachrichtigung nicht melden, so verf\u00e4llt der Anspruch auf den Gewinn und es wird ein Ersatzgewinner ausgelost.<\/p>\n<p>Der Gewinner akzeptiert notwendige \u00c4nderungen des Gewinns, die durch andere, au\u00dferhalb des Einflussbereichs der am Gewinnspiel beteiligten Firmen liegenden Faktoren bedingt sind.<\/p>\n<p>Die Bekanntgabe der Gewinner erfolgt ohne Gew\u00e4hr.<\/p>\n<p>&nbsp;<\/p>\n<ol start=\"4\">\n<li><strong><u> Keine Barauszahlung des Gewinns<\/u><\/strong><\/li>\n<\/ol>\n<p>Eine Barauszahlung des Gewinns ist nicht m\u00f6glich; der Gewinn ist nicht \u00fcbertragbar.<\/p>\n<ol start=\"5\">\n<li><strong>5<\/strong>. Trend-Kids beh\u00e4lt sich das Recht vor, das Gewinnspiel ganz oder zeitweise auszusetzen, wenn irgendwelche Schwierigkeiten auftreten, die die Integrit\u00e4t des Gewinnspiels gef\u00e4hrden.<\/li>\n<li>Der Rechtsweg ist ausgeschlossen.<\/li>\n<\/ol>\n<p>&nbsp;<\/p>\n<p>&nbsp;<\/p>\n<p>&nbsp;<\/p>\n<p>&nbsp;<\/p>\n","protected":false},"excerpt":{"rendered":"<p>Teilnahmebedingungen am Gewinnspiel Die Teilnahme ist kostenlos und unabh\u00e4ngig von einem Kauf oder einem sonstigen Vertragsschluss. Mit der Teilnahme an dem Gewinnspiel akzeptiert der Teilnehmer diese Teilnahmebedingungen. Veranstalter des Gewinnspiels ist Trend-Kids Kindermode, Karin Dammann \/ Monika Steffens, GbR , Breslauer Str. 23 , DE &#8211; 33428 Harsewinkel 1.Teilnahmeberechtigung Teilnahmeberechtigt sind alle nat\u00fcrlichen Personen, die &#8230; <a title=\"Teilnahmebedingungen &#8211; Gewinnspiel Jake und die Nimmerlandpiraten\" class=\"read-more\" href=\"https:\/\/www.trendkids.de\/blog\/teilnahmebedingungen-gewinnspiel-jake-und-die-nimmerlandpiraten\/\">Weiterlesen &#8230;<\/a><\/p>\n","protected":false},"author":2,"featured_media":0,"parent":0,"menu_order":0,"comment_status":"closed","ping_status":"closed","template":"","meta":{"generate_page_header":"","footnotes":""},"class_list":["post-790","page","type-page","status-publish"],"yoast_head":"<!-- This site is optimized with the Yoast SEO plugin v24.8.1 - https:\/\/yoast.com\/wordpress\/plugins\/seo\/ -->\n<title>Teilnahmebedingungen - Gewinnspiel Jake und die Nimmerlandpiraten - on the blog<\/title>\n<meta name=\"robots\" content=\"index, follow, max-snippet:-1, max-image-preview:large, max-video-preview:-1\" \/>\n<link rel=\"canonical\" href=\"https:\/\/www.trendkids.de\/blog\/teilnahmebedingungen-gewinnspiel-jake-und-die-nimmerlandpiraten\/\" \/>\n<meta property=\"og:locale\" content=\"de_DE\" \/>\n<meta property=\"og:type\" content=\"article\" \/>\n<meta property=\"og:title\" content=\"Teilnahmebedingungen - Gewinnspiel Jake und die Nimmerlandpiraten - on the blog\" \/>\n<meta property=\"og:description\" content=\"Teilnahmebedingungen am Gewinnspiel Die Teilnahme ist kostenlos und unabh\u00e4ngig von einem Kauf oder einem sonstigen Vertragsschluss. Mit der Teilnahme an dem Gewinnspiel akzeptiert der Teilnehmer diese Teilnahmebedingungen. Veranstalter des Gewinnspiels ist Trend-Kids Kindermode, Karin Dammann \/ Monika Steffens, GbR , Breslauer Str. 23 , DE &#8211; 33428 Harsewinkel 1.Teilnahmeberechtigung Teilnahmeberechtigt sind alle nat\u00fcrlichen Personen, die ... Weiterlesen ...\" \/>\n<meta property=\"og:url\" content=\"https:\/\/www.trendkids.de\/blog\/teilnahmebedingungen-gewinnspiel-jake-und-die-nimmerlandpiraten\/\" \/>\n<meta property=\"og:site_name\" content=\"on the blog\" \/>\n<meta property=\"article:modified_time\" content=\"2015-09-15T17:06:16+00:00\" \/>\n<meta name=\"twitter:label1\" content=\"Gesch\u00e4tzte Lesezeit\" \/>\n\t<meta name=\"twitter:data1\" content=\"2\u00a0Minuten\" \/>\n<script type=\"application\/ld+json\" class=\"yoast-schema-graph\">{\"@context\":\"https:\/\/schema.org\",\"@graph\":[{\"@type\":\"WebPage\",\"@id\":\"https:\/\/www.trendkids.de\/blog\/teilnahmebedingungen-gewinnspiel-jake-und-die-nimmerlandpiraten\/\",\"url\":\"https:\/\/www.trendkids.de\/blog\/teilnahmebedingungen-gewinnspiel-jake-und-die-nimmerlandpiraten\/\",\"name\":\"Teilnahmebedingungen - Gewinnspiel Jake und die Nimmerlandpiraten - on the blog\",\"isPartOf\":{\"@id\":\"https:\/\/www.trendkids.de\/blog\/#website\"},\"datePublished\":\"2015-09-15T10:08:58+00:00\",\"dateModified\":\"2015-09-15T17:06:16+00:00\",\"breadcrumb\":{\"@id\":\"https:\/\/www.trendkids.de\/blog\/teilnahmebedingungen-gewinnspiel-jake-und-die-nimmerlandpiraten\/#breadcrumb\"},\"inLanguage\":\"de\",\"potentialAction\":[{\"@type\":\"ReadAction\",\"target\":[\"https:\/\/www.trendkids.de\/blog\/teilnahmebedingungen-gewinnspiel-jake-und-die-nimmerlandpiraten\/\"]}]},{\"@type\":\"BreadcrumbList\",\"@id\":\"https:\/\/www.trendkids.de\/blog\/teilnahmebedingungen-gewinnspiel-jake-und-die-nimmerlandpiraten\/#breadcrumb\",\"itemListElement\":[{\"@type\":\"ListItem\",\"position\":1,\"name\":\"Startseite\",\"item\":\"https:\/\/www.trendkids.de\/blog\/\"},{\"@type\":\"ListItem\",\"position\":2,\"name\":\"Teilnahmebedingungen &#8211; Gewinnspiel Jake und die Nimmerlandpiraten\"}]},{\"@type\":\"WebSite\",\"@id\":\"https:\/\/www.trendkids.de\/blog\/#website\",\"url\":\"https:\/\/www.trendkids.de\/blog\/\",\"name\":\"on the blog\",\"description\":\"m\u00fctter, kinder und mode im trend der zeit\",\"potentialAction\":[{\"@type\":\"SearchAction\",\"target\":{\"@type\":\"EntryPoint\",\"urlTemplate\":\"https:\/\/www.trendkids.de\/blog\/?s={search_term_string}\"},\"query-input\":{\"@type\":\"PropertyValueSpecification\",\"valueRequired\":true,\"valueName\":\"search_term_string\"}}],\"inLanguage\":\"de\"}]}<\/script>\n<!-- \/ Yoast SEO plugin. -->","yoast_head_json":{"title":"Teilnahmebedingungen - Gewinnspiel Jake und die Nimmerlandpiraten - on the blog","robots":{"index":"index","follow":"follow","max-snippet":"max-snippet:-1","max-image-preview":"max-image-preview:large","max-video-preview":"max-video-preview:-1"},"canonical":"https:\/\/www.trendkids.de\/blog\/teilnahmebedingungen-gewinnspiel-jake-und-die-nimmerlandpiraten\/","og_locale":"de_DE","og_type":"article","og_title":"Teilnahmebedingungen - Gewinnspiel Jake und die Nimmerlandpiraten - on the blog","og_description":"Teilnahmebedingungen am Gewinnspiel Die Teilnahme ist kostenlos und unabh\u00e4ngig von einem Kauf oder einem sonstigen Vertragsschluss. Mit der Teilnahme an dem Gewinnspiel akzeptiert der Teilnehmer diese Teilnahmebedingungen. Veranstalter des Gewinnspiels ist Trend-Kids Kindermode, Karin Dammann \/ Monika Steffens, GbR , Breslauer Str. 23 , DE &#8211; 33428 Harsewinkel 1.Teilnahmeberechtigung Teilnahmeberechtigt sind alle nat\u00fcrlichen Personen, die ... Weiterlesen ...","og_url":"https:\/\/www.trendkids.de\/blog\/teilnahmebedingungen-gewinnspiel-jake-und-die-nimmerlandpiraten\/","og_site_name":"on the blog","article_modified_time":"2015-09-15T17:06:16+00:00","twitter_misc":{"Gesch\u00e4tzte Lesezeit":"2\u00a0Minuten"},"schema":{"@context":"https:\/\/schema.org","@graph":[{"@type":"WebPage","@id":"https:\/\/www.trendkids.de\/blog\/teilnahmebedingungen-gewinnspiel-jake-und-die-nimmerlandpiraten\/","url":"https:\/\/www.trendkids.de\/blog\/teilnahmebedingungen-gewinnspiel-jake-und-die-nimmerlandpiraten\/","name":"Teilnahmebedingungen - Gewinnspiel Jake und die Nimmerlandpiraten - on the blog","isPartOf":{"@id":"https:\/\/www.trendkids.de\/blog\/#website"},"datePublished":"2015-09-15T10:08:58+00:00","dateModified":"2015-09-15T17:06:16+00:00","breadcrumb":{"@id":"https:\/\/www.trendkids.de\/blog\/teilnahmebedingungen-gewinnspiel-jake-und-die-nimmerlandpiraten\/#breadcrumb"},"inLanguage":"de","potentialAction":[{"@type":"ReadAction","target":["https:\/\/www.trendkids.de\/blog\/teilnahmebedingungen-gewinnspiel-jake-und-die-nimmerlandpiraten\/"]}]},{"@type":"BreadcrumbList","@id":"https:\/\/www.trendkids.de\/blog\/teilnahmebedingungen-gewinnspiel-jake-und-die-nimmerlandpiraten\/#breadcrumb","itemListElement":[{"@type":"ListItem","position":1,"name":"Startseite","item":"https:\/\/www.trendkids.de\/blog\/"},{"@type":"ListItem","position":2,"name":"Teilnahmebedingungen &#8211; Gewinnspiel Jake und die Nimmerlandpiraten"}]},{"@type":"WebSite","@id":"https:\/\/www.trendkids.de\/blog\/#website","url":"https:\/\/www.trendkids.de\/blog\/","name":"on the blog","description":"m\u00fctter, kinder und mode im trend der zeit","potentialAction":[{"@type":"SearchAction","target":{"@type":"EntryPoint","urlTemplate":"https:\/\/www.trendkids.de\/blog\/?s={search_term_string}"},"query-input":{"@type":"PropertyValueSpecification","valueRequired":true,"valueName":"search_term_string"}}],"inLanguage":"de"}]}},"_links":{"self":[{"href":"https:\/\/www.trendkids.de\/blog\/wp-json\/wp\/v2\/pages\/790","targetHints":{"allow":["GET"]}}],"collection":[{"href":"https:\/\/www.trendkids.de\/blog\/wp-json\/wp\/v2\/pages"}],"about":[{"href":"https:\/\/www.trendkids.de\/blog\/wp-json\/wp\/v2\/types\/page"}],"author":[{"embeddable":true,"href":"https:\/\/www.trendkids.de\/blog\/wp-json\/wp\/v2\/users\/2"}],"replies":[{"embeddable":true,"href":"https:\/\/www.trendkids.de\/blog\/wp-json\/wp\/v2\/comments?post=790"}],"version-history":[{"count":0,"href":"https:\/\/www.trendkids.de\/blog\/wp-json\/wp\/v2\/pages\/790\/revisions"}],"wp:attachment":[{"href":"https:\/\/www.trendkids.de\/blog\/wp-json\/wp\/v2\/media?parent=790"}],"curies":[{"name":"wp","href":"https:\/\/api.w.org\/{rel}","templated":true}]}}