{"id":652,"date":"2014-02-27T17:10:53","date_gmt":"2014-02-27T17:10:53","guid":{"rendered":"http:\/\/www.trendkids.de\/blog\/?page_id=652"},"modified":"2014-02-28T22:51:47","modified_gmt":"2014-02-28T22:51:47","slug":"teilnahmebedingungen-jubilaeumsgewinnspiel-von-trend-kids","status":"publish","type":"page","link":"https:\/\/www.trendkids.de\/blog\/teilnahmebedingungen-jubilaeumsgewinnspiel-von-trend-kids\/","title":{"rendered":"Teilnahmebedingungen am Jubil\u00e4umsgewinnspiel von Trend-Kids"},"content":{"rendered":"<p style=\"text-align: left;\" align=\"center\">Die Teilnahme ist kostenlos und unabh\u00e4ngig von einem Einkauf bei Trend-Kids.<\/p>\n<p style=\"text-align: left;\" align=\"center\">Mit der Teilnahme an dem Gewinnspiel akzeptiert der Teilnehmer diese Teilnahmebedingungen. Veranstalter des Gewinnspiels ist Trend-Kids Kindermode, Monika Steffens &amp; Karin Dammann GbR, Breslauer Str. 23, 33428 Harsewinkel, Deutschland<\/p>\n<p style=\"text-align: left;\" align=\"center\"><strong>1.)\u00a0\u00a0\u00a0 Teilnahmeberechtigung<\/strong><\/p>\n<p style=\"text-align: left;\" align=\"center\">Teilnahmeberechtigt sind alle nat\u00fcrlichen Personen, die mindestens 18 Jahre alt sind und in Deutschland wohnen. Das Gewinnspiel ist auf Deutschland beschr\u00e4nkt.<\/p>\n<p style=\"text-align: left;\" align=\"center\">Teilnehmer des Gewinnspiels ist der Eigent\u00fcmer der beim Gewinnspiel verwendeten Email-Adresse. Der Teilnehmer ist f\u00fcr die Richtigkeit seiner Email-Adresse selbst verantwortlich.<\/p>\n<p style=\"text-align: left;\" align=\"center\">Mitarbeiter von Trend-Kids sowie deren Angeh\u00f6rige sind von der Teilnahme ausgeschlossen.<\/p>\n<p style=\"text-align: left;\" align=\"center\"><strong>2.)\u00a0\u00a0\u00a0 Teilnahme<\/strong><\/p>\n<p style=\"text-align: left;\" align=\"center\">Die Teilnahme am Gewinnspiel ist nur m\u00f6glich durch das Absenden einer Email mit der richtigen Antwort \u00a0innerhalb der Teilnahmefrist an <a href=\"mailto:info@trend-kids.de\">info@trend-kids.de<\/a>.<\/p>\n<p style=\"text-align: left;\" align=\"center\">Senden Sie uns einfach eine Email mit dem Kennwort \u201eJubil\u00e4umsgewinnspiel\u201c und der L\u00f6sung zu der Frage: \u201eWelcher kleine Freund hat sich auf dem Startseiten-Bild unseres Trend-Kids-Blogs zu unserer Prinzessin dazugesellt?\u201c\u00a0 (Hilfe: \u201eF____h\u201c)<\/p>\n<p style=\"text-align: left;\" align=\"center\">Teilnahmeschluss ist der 31.03.2014, 24.00 Uhr<\/p>\n<p style=\"text-align: left;\" align=\"center\"><strong>3.)\u00a0\u00a0\u00a0 Gewinne<\/strong><\/p>\n<p style=\"text-align: left;\" align=\"center\">Gewonnen werden kann: 1x Trend-Kids-Einkaufsgutschein im Wert von \u00a0100,- Euro, 1x Trend-Kids-Einkaufsgutschein im Wert von\u00a0\u00a050,- Euro, 1x Trend-Kids-Einkaufsgutschein im Wert von\u00a025,- Euro<\/p>\n<p style=\"text-align: left;\" align=\"center\"><strong>4.)\u00a0\u00a0\u00a0 Gewinnbenachrichtigung<\/strong><\/p>\n<p style=\"text-align: left;\" align=\"center\">Wenn mehr richtige Email-Einsendungen erfolgen als Preise vorhanden sind, werden die Gewinner ausgelost und von uns per Email benachrichtigt.<\/p>\n<p style=\"text-align: left;\" align=\"center\">Die Gewinner erkl\u00e4ren sich damit einverstanden, dass ihr Name und Wohnort (ohne Stra\u00dfe und Hausnummer) ab dem 08.04.2014 auf dem Trend-Kids-Blog ver\u00f6ffentlicht werden.<\/p>\n<p style=\"text-align: left;\" align=\"center\">Sollte sich ein Gewinner innerhalb einer Frist von 21 Tagen nach der Benachrichtigung nicht melden, so verf\u00e4llt sein Anspruch auf den Gewinn und es wird ein Ersatzgewinner ausgelost.<\/p>\n<p style=\"text-align: left;\" align=\"center\">Der Gewinner akzeptiert notwendige \u00c4nderungen des Gewinns, die durch andere, au\u00dferhalb des Einflussbereichs der am Gewinnspiel beteiligten Firmen liegenden Faktoren bedingt sind.<\/p>\n<p style=\"text-align: left;\" align=\"center\">Die Bekanntgabe der Gewinner erfolgt ohne Gew\u00e4hr.<\/p>\n<p style=\"text-align: left;\" align=\"center\"><strong>5.)\u00a0\u00a0\u00a0 Keine Barauszahlung des Gewinns<\/strong><\/p>\n<p style=\"text-align: left;\" align=\"center\">Eine Barauszahlung des Gewinns ist nicht m\u00f6glich. Der Gewinn ist nicht \u00fcbertragbar.<\/p>\n<p style=\"text-align: left;\" align=\"center\">Die Gewinne werden von Trend-Kids den Gewinnern auf dem Postweg zugeschickt.<\/p>\n<p style=\"text-align: left;\" align=\"center\"><strong>6.)\u00a0\u00a0\u00a0 Trend-Kids beh\u00e4lt sich das Recht vor, das Gewinnspiel ganz oder zeitweise auszusetzen, wenn Schwierigkeiten auftreten sollten, die die Integrit\u00e4t des Gewinnspiels gef\u00e4hrden.<\/strong><\/p>\n<p style=\"text-align: left;\" align=\"center\"><strong>7.)\u00a0\u00a0\u00a0 Der Rechtsweg ist ausgeschlossen.<\/strong><\/p>\n","protected":false},"excerpt":{"rendered":"<p>Die Teilnahme ist kostenlos und unabh\u00e4ngig von einem Einkauf bei Trend-Kids. Mit der Teilnahme an dem Gewinnspiel akzeptiert der Teilnehmer diese Teilnahmebedingungen. Veranstalter des Gewinnspiels ist Trend-Kids Kindermode, Monika Steffens &amp; Karin Dammann GbR, Breslauer Str. 23, 33428 Harsewinkel, Deutschland 1.)\u00a0\u00a0\u00a0 Teilnahmeberechtigung Teilnahmeberechtigt sind alle nat\u00fcrlichen Personen, die mindestens 18 Jahre alt sind und in &#8230; <a title=\"Teilnahmebedingungen am Jubil\u00e4umsgewinnspiel von Trend-Kids\" class=\"read-more\" href=\"https:\/\/www.trendkids.de\/blog\/teilnahmebedingungen-jubilaeumsgewinnspiel-von-trend-kids\/\">Weiterlesen &#8230;<\/a><\/p>\n","protected":false},"author":2,"featured_media":0,"parent":0,"menu_order":0,"comment_status":"open","ping_status":"open","template":"","meta":{"generate_page_header":"","footnotes":""},"class_list":["post-652","page","type-page","status-publish"],"yoast_head":"<!-- This site is optimized with the Yoast SEO plugin v24.8.1 - https:\/\/yoast.com\/wordpress\/plugins\/seo\/ -->\n<title>Teilnahmebedingungen am Jubil\u00e4umsgewinnspiel von Trend-Kids - on the blog<\/title>\n<meta name=\"robots\" content=\"index, follow, max-snippet:-1, max-image-preview:large, max-video-preview:-1\" \/>\n<link rel=\"canonical\" href=\"https:\/\/www.trendkids.de\/blog\/teilnahmebedingungen-jubilaeumsgewinnspiel-von-trend-kids\/\" \/>\n<meta property=\"og:locale\" content=\"de_DE\" \/>\n<meta property=\"og:type\" content=\"article\" \/>\n<meta property=\"og:title\" content=\"Teilnahmebedingungen am Jubil\u00e4umsgewinnspiel von Trend-Kids - on the blog\" \/>\n<meta property=\"og:description\" content=\"Die Teilnahme ist kostenlos und unabh\u00e4ngig von einem Einkauf bei Trend-Kids. Mit der Teilnahme an dem Gewinnspiel akzeptiert der Teilnehmer diese Teilnahmebedingungen. Veranstalter des Gewinnspiels ist Trend-Kids Kindermode, Monika Steffens &amp; Karin Dammann GbR, Breslauer Str. 23, 33428 Harsewinkel, Deutschland 1.)\u00a0\u00a0\u00a0 Teilnahmeberechtigung Teilnahmeberechtigt sind alle nat\u00fcrlichen Personen, die mindestens 18 Jahre alt sind und in ... Weiterlesen ...\" \/>\n<meta property=\"og:url\" content=\"https:\/\/www.trendkids.de\/blog\/teilnahmebedingungen-jubilaeumsgewinnspiel-von-trend-kids\/\" \/>\n<meta property=\"og:site_name\" content=\"on the blog\" \/>\n<meta property=\"article:modified_time\" content=\"2014-02-28T22:51:47+00:00\" \/>\n<meta name=\"twitter:label1\" content=\"Gesch\u00e4tzte Lesezeit\" \/>\n\t<meta name=\"twitter:data1\" content=\"2\u00a0Minuten\" \/>\n<script type=\"application\/ld+json\" class=\"yoast-schema-graph\">{\"@context\":\"https:\/\/schema.org\",\"@graph\":[{\"@type\":\"WebPage\",\"@id\":\"https:\/\/www.trendkids.de\/blog\/teilnahmebedingungen-jubilaeumsgewinnspiel-von-trend-kids\/\",\"url\":\"https:\/\/www.trendkids.de\/blog\/teilnahmebedingungen-jubilaeumsgewinnspiel-von-trend-kids\/\",\"name\":\"Teilnahmebedingungen am Jubil\u00e4umsgewinnspiel von Trend-Kids - on the blog\",\"isPartOf\":{\"@id\":\"https:\/\/www.trendkids.de\/blog\/#website\"},\"datePublished\":\"2014-02-27T17:10:53+00:00\",\"dateModified\":\"2014-02-28T22:51:47+00:00\",\"breadcrumb\":{\"@id\":\"https:\/\/www.trendkids.de\/blog\/teilnahmebedingungen-jubilaeumsgewinnspiel-von-trend-kids\/#breadcrumb\"},\"inLanguage\":\"de\",\"potentialAction\":[{\"@type\":\"ReadAction\",\"target\":[\"https:\/\/www.trendkids.de\/blog\/teilnahmebedingungen-jubilaeumsgewinnspiel-von-trend-kids\/\"]}]},{\"@type\":\"BreadcrumbList\",\"@id\":\"https:\/\/www.trendkids.de\/blog\/teilnahmebedingungen-jubilaeumsgewinnspiel-von-trend-kids\/#breadcrumb\",\"itemListElement\":[{\"@type\":\"ListItem\",\"position\":1,\"name\":\"Startseite\",\"item\":\"https:\/\/www.trendkids.de\/blog\/\"},{\"@type\":\"ListItem\",\"position\":2,\"name\":\"Teilnahmebedingungen am Jubil\u00e4umsgewinnspiel von Trend-Kids\"}]},{\"@type\":\"WebSite\",\"@id\":\"https:\/\/www.trendkids.de\/blog\/#website\",\"url\":\"https:\/\/www.trendkids.de\/blog\/\",\"name\":\"on the blog\",\"description\":\"m\u00fctter, kinder und mode im trend der zeit\",\"potentialAction\":[{\"@type\":\"SearchAction\",\"target\":{\"@type\":\"EntryPoint\",\"urlTemplate\":\"https:\/\/www.trendkids.de\/blog\/?s={search_term_string}\"},\"query-input\":{\"@type\":\"PropertyValueSpecification\",\"valueRequired\":true,\"valueName\":\"search_term_string\"}}],\"inLanguage\":\"de\"}]}<\/script>\n<!-- \/ Yoast SEO plugin. -->","yoast_head_json":{"title":"Teilnahmebedingungen am Jubil\u00e4umsgewinnspiel von Trend-Kids - on the blog","robots":{"index":"index","follow":"follow","max-snippet":"max-snippet:-1","max-image-preview":"max-image-preview:large","max-video-preview":"max-video-preview:-1"},"canonical":"https:\/\/www.trendkids.de\/blog\/teilnahmebedingungen-jubilaeumsgewinnspiel-von-trend-kids\/","og_locale":"de_DE","og_type":"article","og_title":"Teilnahmebedingungen am Jubil\u00e4umsgewinnspiel von Trend-Kids - on the blog","og_description":"Die Teilnahme ist kostenlos und unabh\u00e4ngig von einem Einkauf bei Trend-Kids. Mit der Teilnahme an dem Gewinnspiel akzeptiert der Teilnehmer diese Teilnahmebedingungen. Veranstalter des Gewinnspiels ist Trend-Kids Kindermode, Monika Steffens &amp; Karin Dammann GbR, Breslauer Str. 23, 33428 Harsewinkel, Deutschland 1.)\u00a0\u00a0\u00a0 Teilnahmeberechtigung Teilnahmeberechtigt sind alle nat\u00fcrlichen Personen, die mindestens 18 Jahre alt sind und in ... Weiterlesen ...","og_url":"https:\/\/www.trendkids.de\/blog\/teilnahmebedingungen-jubilaeumsgewinnspiel-von-trend-kids\/","og_site_name":"on the blog","article_modified_time":"2014-02-28T22:51:47+00:00","twitter_misc":{"Gesch\u00e4tzte Lesezeit":"2\u00a0Minuten"},"schema":{"@context":"https:\/\/schema.org","@graph":[{"@type":"WebPage","@id":"https:\/\/www.trendkids.de\/blog\/teilnahmebedingungen-jubilaeumsgewinnspiel-von-trend-kids\/","url":"https:\/\/www.trendkids.de\/blog\/teilnahmebedingungen-jubilaeumsgewinnspiel-von-trend-kids\/","name":"Teilnahmebedingungen am Jubil\u00e4umsgewinnspiel von Trend-Kids - on the blog","isPartOf":{"@id":"https:\/\/www.trendkids.de\/blog\/#website"},"datePublished":"2014-02-27T17:10:53+00:00","dateModified":"2014-02-28T22:51:47+00:00","breadcrumb":{"@id":"https:\/\/www.trendkids.de\/blog\/teilnahmebedingungen-jubilaeumsgewinnspiel-von-trend-kids\/#breadcrumb"},"inLanguage":"de","potentialAction":[{"@type":"ReadAction","target":["https:\/\/www.trendkids.de\/blog\/teilnahmebedingungen-jubilaeumsgewinnspiel-von-trend-kids\/"]}]},{"@type":"BreadcrumbList","@id":"https:\/\/www.trendkids.de\/blog\/teilnahmebedingungen-jubilaeumsgewinnspiel-von-trend-kids\/#breadcrumb","itemListElement":[{"@type":"ListItem","position":1,"name":"Startseite","item":"https:\/\/www.trendkids.de\/blog\/"},{"@type":"ListItem","position":2,"name":"Teilnahmebedingungen am Jubil\u00e4umsgewinnspiel von Trend-Kids"}]},{"@type":"WebSite","@id":"https:\/\/www.trendkids.de\/blog\/#website","url":"https:\/\/www.trendkids.de\/blog\/","name":"on the blog","description":"m\u00fctter, kinder und mode im trend der zeit","potentialAction":[{"@type":"SearchAction","target":{"@type":"EntryPoint","urlTemplate":"https:\/\/www.trendkids.de\/blog\/?s={search_term_string}"},"query-input":{"@type":"PropertyValueSpecification","valueRequired":true,"valueName":"search_term_string"}}],"inLanguage":"de"}]}},"_links":{"self":[{"href":"https:\/\/www.trendkids.de\/blog\/wp-json\/wp\/v2\/pages\/652","targetHints":{"allow":["GET"]}}],"collection":[{"href":"https:\/\/www.trendkids.de\/blog\/wp-json\/wp\/v2\/pages"}],"about":[{"href":"https:\/\/www.trendkids.de\/blog\/wp-json\/wp\/v2\/types\/page"}],"author":[{"embeddable":true,"href":"https:\/\/www.trendkids.de\/blog\/wp-json\/wp\/v2\/users\/2"}],"replies":[{"embeddable":true,"href":"https:\/\/www.trendkids.de\/blog\/wp-json\/wp\/v2\/comments?post=652"}],"version-history":[{"count":0,"href":"https:\/\/www.trendkids.de\/blog\/wp-json\/wp\/v2\/pages\/652\/revisions"}],"wp:attachment":[{"href":"https:\/\/www.trendkids.de\/blog\/wp-json\/wp\/v2\/media?parent=652"}],"curies":[{"name":"wp","href":"https:\/\/api.w.org\/{rel}","templated":true}]}}