{"id":1445,"date":"2019-05-10T01:27:11","date_gmt":"2019-05-10T01:27:11","guid":{"rendered":"https:\/\/www.trendkids.de\/blog\/?page_id=1445"},"modified":"2019-05-10T01:28:36","modified_gmt":"2019-05-10T01:28:36","slug":"wer-oder-was-verbirgt-sich-hinter-trend-kids","status":"publish","type":"page","link":"https:\/\/www.trendkids.de\/blog\/wer-oder-was-verbirgt-sich-hinter-trend-kids\/","title":{"rendered":"WER oder WAS verbirgt sich hinter Trend-Kids?"},"content":{"rendered":"<p>WER oder WAS verbirgt sich hinter Trend-Kids?<\/p>\n<p>WER?<\/p>\n<p> &#8230; das sind Karin Dammann und Monika Steffens. Zwei Freundinnen, die sich seit \u00fcber 35 Jahren kennen. Beide sind verheiratet und M\u00fctter von je zwei mittlerweile erwachsenen Kindern.<\/p>\n<p>Karin (Bild rechts) ist der Globetrotter unter den Trend-Kids M\u00e4dels, liebt es zu reisen und ferne L\u00e4nder,zu entdecken. Sportlich zieht es sie auf&#8217;s Rad &#8211; aber sie stellt sich auch gerne neuen k\u00f6rperlichen Herausforderungen und Aktivit\u00e4ten. Ob sie am Fallschirm durch die L\u00fcfte schwebt oder im Hubschrauber \u00fcber den Grand Canyon d\u00fcst. Zum Entspannen liest sie gerne B\u00fccher, spielt Saxophon, bastelt und n\u00e4ht bevorzugt Patchworkdecken. Im Shop k\u00fcmmert sie sich schwerpunktm\u00e4\u00dfig um den Versand, die Buchhaltung und das Finanzwesen, das Retouren-Mangement und die Produkt-Fotografie.<\/p>\n<p>Monika  (Bild links) liebt die pure Natur und das Meer &#8211; je einsamer, umso besser &#8211; ob in den dunklen W\u00e4ldern der Eifel, an einsamen Str\u00e4nden der Ost- und Nordsee oder bei t\u00e4glichen Touren durch die heimische Natur. Wandern ist ihre Leidenschaft. Mit dabei ist immer ihre Mischlingsh\u00fcndin Cora &#8211; ihr  &#8222;Fellkind&#8220;. Neben Lesen und Musik h\u00f6ren, ist auch sie eine begeisterte Patchworkerin und liebt es, durch&#8217;s Internet zu surfen. Schwerpunktm\u00e4\u00dfig k\u00fcmmert sie sich im Shop um den Kunden-Service, Einkauf, Produktbeschreibungen, Marketing und den IT-Bereich.<\/p>\n<p>&#8230; und unsere Ehem\u00e4nner nehmen wir nat\u00fcrlich bei unseren Unternehmungen mit. Nur 1x im Jahr m\u00fcssen sie Zuhause bleiben. Dann fahren Karin und Monika f\u00fcr ein gemeinsames &#8222;M\u00e4dchen-Wochenende&#8220;  weg und entdecken abseits von Arbeit, Familie und Co zusammen die Welt.<\/p>\n<p><img decoding=\"async\" src=\"https:\/\/www.trendkids.de\/blog\/wp-content\/uploads\/trendkids-team-1.jpg\" alt=\"\" width=\"275\" height=\"175\" class=\"aligncenter size-full wp-image-1447\" \/><\/p>\n<p>WAS?<\/p>\n<p>Am 01. M\u00e4rz 2004 er\u00f6ffneten wir gemeinsam unseren ersten Onlineshop f\u00fcr modische Kinderkleidung &#038; Babykleidung. Damals noch unter www.trend-kids.de, mit schwarzem Hintergrund und mit einem noch kleinen Sortiment, das aber in den letzten Jahren stetig erweitert und vergr\u00f6\u00dfert wurde. Wir freuen uns, dass wir Ihnen mittlerweile Kindermode &#038; Babybekleidung namhafter Hersteller anbieten k\u00f6nnen, u.a.: <\/p>\n<p>Strumpfhosen f\u00fcr Jungen und M\u00e4dchen, Feinstrumpfhosen, Kinder-Socken &#038; Kniestr\u00fcmpfe, Stoppersocken mit Voll- und ABS Sohle von Ewers &#8211; Taufkleider, Taufanz\u00fcge, festliche Babyschuhe, Taufm\u00fctzen von Baby Staab &#8211; Kinderm\u00fctzen, Gummistiefel f\u00fcr Babys &#038; Kleinkinder, Multifunktionst\u00fccher  &#038; Kinderhandschuhe von MaxiMo &#8211; Kinder-Nachtw\u00e4sche, Unterw\u00e4sche, Freizeitkleidung &#038; Bademode von Schiesser &#8211; Babyschuhe, Winterstiefel, Regenkleidung, Bademode mit UV-Schutz von Playshoes &#8211;  Baby- &#038; Kinderfliegen, Hosentr\u00e4ger f\u00fcr Jungen von Der flotte Boy,  festliche Kindermode &#038; modische Taufanz\u00fcge von Tuuf&#8217;s World &#038; Gymp &#038; Carlina &#8211; Baby-Ballerina&#8217;s, Lackschuhe von Tavolinchen &#8211;  Baby-Strickkleidung, Strickschuhe von Solo Tu &#8211; Kinder-Regenbekleidung &#038; Softshelljacken von ELKA Rainwear A\/S- &#038; BMS und und und&#8230;<\/p>\n<p>Im Februar 2009 starteten wir mit einem neuen Projekt:  Auf dem Shopping Portal RAKUTEN  (ehemals TRADORIA) haben wir einen zweiten Online-Shop er\u00f6ffnet &#8211; zu Beginn speziell nur f\u00fcr Kinderregenbekleidung und Taufbekleidung. Doch auch unser RAKUTEN- Shop entwickelte sich stetig weiter und wurde sowohl optisch als auch sortimentsm\u00e4\u00dfig angepasst. <\/p>\n<p>Im Januar 2012 gab es dann den Startschu\u00df zum n\u00e4chsten Gro\u00df-Projekt: Der &#8222;alte&#8220; Shop unter www.trend-kids.de platzte mittlerweile aus allen N\u00e4hten und ein neuer, moderner Shop mit mehr Komfort, weiteren Zahlungsm\u00f6glichkeiten usw. musste her. Nach \u00fcber einem Jahr Planung, viel Arbeit und einigen grauen Haaren ist der neue Trend-Kids Online-Shop unter www.trendkids.de nun endlich online. Fertig ist er noch lange nicht, aber wir arbeiten kontinuierlich daran, den Shop weiter f\u00fcr Sie zu verbessern, zu versch\u00f6nern und noch kundenfreundlicher zu gestalten.<\/p>\n<p>2014 war f\u00fcr uns ein ganz besonderes Jahr: Trend-Kids feierte 10-j\u00e4hriges Jubil\u00e4um. Die Zeit ist wie im Fluge vergangen und wir m\u00f6chten uns an dieser Stelle ganz herzlich bei allen bedanken, die uns in dieser Zeit begleitet und mit Rat und Tat zur Seite gestanden haben.  Ein ganz &#8222;dickes&#8220; Dankesch\u00f6n an unsere lieben Kunden f\u00fcr das entgegengebrachte  Vetrauen und Ihre langj\u00e4hrige Treue sowie f\u00fcr die vielen Anregungen, konstruktiven Kritiken und netten Gespr\u00e4che. Wir freuen uns schon auf die  n\u00e4chsten 10 Jahre mit Ihnen.<\/p>\n<p>Kundenservice und eine pers\u00f6nliche Beratung sind uns sehr wichtig. Wenn Sie Fragen, Anregungen oder W\u00fcnsche haben, schicken Sie uns eine E-Mail oder rufen Sie uns an. Ben\u00f6tigen Sie die genauen Ma\u00dfe zu einem oder mehreren Artikeln, wie z.B. die Bundweite, Schrittl\u00e4nge, Gesamtl\u00e4nge usw. &#8211; mailen Sie uns einfach an &#8211; wir teilen Ihnen umgehend die gew\u00fcnschten Ma\u00dfe mit. Und sollte sich unser Anrufbeantworter einschalten, weil wir bereits im Kundengespr\u00e4ch, beim Pakete packen, auf Messe usw.. sind, dann hinterlassen Sie uns eine Nachricht &#8211; wir rufen Sie zeitnah zur\u00fcck. <\/p>\n<p>Wir freuen uns auf Ihren Besuch und w\u00fcnschen Ihnen viel Freude beim St\u00f6bern<\/p>\n<p>Ihr Trend-Kids-Team<\/p>\n<p>Monika &#038; Karin<\/p>\n","protected":false},"excerpt":{"rendered":"<p>WER oder WAS verbirgt sich hinter Trend-Kids? WER? &#8230; das sind Karin Dammann und Monika Steffens. Zwei Freundinnen, die sich seit \u00fcber 35 Jahren kennen. Beide sind verheiratet und M\u00fctter von je zwei mittlerweile erwachsenen Kindern. Karin (Bild rechts) ist der Globetrotter unter den Trend-Kids M\u00e4dels, liebt es zu reisen und ferne L\u00e4nder,zu entdecken. Sportlich &#8230; <a title=\"WER oder WAS verbirgt sich hinter Trend-Kids?\" class=\"read-more\" href=\"https:\/\/www.trendkids.de\/blog\/wer-oder-was-verbirgt-sich-hinter-trend-kids\/\">Weiterlesen &#8230;<\/a><\/p>\n","protected":false},"author":1,"featured_media":0,"parent":0,"menu_order":0,"comment_status":"closed","ping_status":"closed","template":"","meta":{"generate_page_header":"","footnotes":""},"class_list":["post-1445","page","type-page","status-publish"],"yoast_head":"<!-- This site is optimized with the Yoast SEO plugin v24.8.1 - https:\/\/yoast.com\/wordpress\/plugins\/seo\/ -->\n<title>WER oder WAS verbirgt sich hinter Trend-Kids? - on the blog<\/title>\n<meta name=\"robots\" content=\"index, follow, max-snippet:-1, max-image-preview:large, max-video-preview:-1\" \/>\n<link rel=\"canonical\" href=\"https:\/\/www.trendkids.de\/blog\/wer-oder-was-verbirgt-sich-hinter-trend-kids\/\" \/>\n<meta property=\"og:locale\" content=\"de_DE\" \/>\n<meta property=\"og:type\" content=\"article\" \/>\n<meta property=\"og:title\" content=\"WER oder WAS verbirgt sich hinter Trend-Kids? - on the blog\" \/>\n<meta property=\"og:description\" content=\"WER oder WAS verbirgt sich hinter Trend-Kids? WER? &#8230; das sind Karin Dammann und Monika Steffens. Zwei Freundinnen, die sich seit \u00fcber 35 Jahren kennen. Beide sind verheiratet und M\u00fctter von je zwei mittlerweile erwachsenen Kindern. Karin (Bild rechts) ist der Globetrotter unter den Trend-Kids M\u00e4dels, liebt es zu reisen und ferne L\u00e4nder,zu entdecken. Sportlich ... Weiterlesen ...\" \/>\n<meta property=\"og:url\" content=\"https:\/\/www.trendkids.de\/blog\/wer-oder-was-verbirgt-sich-hinter-trend-kids\/\" \/>\n<meta property=\"og:site_name\" content=\"on the blog\" \/>\n<meta property=\"article:modified_time\" content=\"2019-05-10T01:28:36+00:00\" \/>\n<meta property=\"og:image\" content=\"https:\/\/www.trendkids.de\/blog\/wp-content\/uploads\/trendkids-team-1.jpg\" \/>\n<meta name=\"twitter:label1\" content=\"Gesch\u00e4tzte Lesezeit\" \/>\n\t<meta name=\"twitter:data1\" content=\"4\u00a0Minuten\" \/>\n<script type=\"application\/ld+json\" class=\"yoast-schema-graph\">{\"@context\":\"https:\/\/schema.org\",\"@graph\":[{\"@type\":\"WebPage\",\"@id\":\"https:\/\/www.trendkids.de\/blog\/wer-oder-was-verbirgt-sich-hinter-trend-kids\/\",\"url\":\"https:\/\/www.trendkids.de\/blog\/wer-oder-was-verbirgt-sich-hinter-trend-kids\/\",\"name\":\"WER oder WAS verbirgt sich hinter Trend-Kids? - on the blog\",\"isPartOf\":{\"@id\":\"https:\/\/www.trendkids.de\/blog\/#website\"},\"primaryImageOfPage\":{\"@id\":\"https:\/\/www.trendkids.de\/blog\/wer-oder-was-verbirgt-sich-hinter-trend-kids\/#primaryimage\"},\"image\":{\"@id\":\"https:\/\/www.trendkids.de\/blog\/wer-oder-was-verbirgt-sich-hinter-trend-kids\/#primaryimage\"},\"thumbnailUrl\":\"https:\/\/www.trendkids.de\/blog\/wp-content\/uploads\/trendkids-team-1.jpg\",\"datePublished\":\"2019-05-10T01:27:11+00:00\",\"dateModified\":\"2019-05-10T01:28:36+00:00\",\"breadcrumb\":{\"@id\":\"https:\/\/www.trendkids.de\/blog\/wer-oder-was-verbirgt-sich-hinter-trend-kids\/#breadcrumb\"},\"inLanguage\":\"de\",\"potentialAction\":[{\"@type\":\"ReadAction\",\"target\":[\"https:\/\/www.trendkids.de\/blog\/wer-oder-was-verbirgt-sich-hinter-trend-kids\/\"]}]},{\"@type\":\"ImageObject\",\"inLanguage\":\"de\",\"@id\":\"https:\/\/www.trendkids.de\/blog\/wer-oder-was-verbirgt-sich-hinter-trend-kids\/#primaryimage\",\"url\":\"https:\/\/www.trendkids.de\/blog\/wp-content\/uploads\/trendkids-team-1.jpg\",\"contentUrl\":\"https:\/\/www.trendkids.de\/blog\/wp-content\/uploads\/trendkids-team-1.jpg\",\"width\":275,\"height\":175},{\"@type\":\"BreadcrumbList\",\"@id\":\"https:\/\/www.trendkids.de\/blog\/wer-oder-was-verbirgt-sich-hinter-trend-kids\/#breadcrumb\",\"itemListElement\":[{\"@type\":\"ListItem\",\"position\":1,\"name\":\"Startseite\",\"item\":\"https:\/\/www.trendkids.de\/blog\/\"},{\"@type\":\"ListItem\",\"position\":2,\"name\":\"WER oder WAS verbirgt sich hinter Trend-Kids?\"}]},{\"@type\":\"WebSite\",\"@id\":\"https:\/\/www.trendkids.de\/blog\/#website\",\"url\":\"https:\/\/www.trendkids.de\/blog\/\",\"name\":\"on the blog\",\"description\":\"m\u00fctter, kinder und mode im trend der zeit\",\"potentialAction\":[{\"@type\":\"SearchAction\",\"target\":{\"@type\":\"EntryPoint\",\"urlTemplate\":\"https:\/\/www.trendkids.de\/blog\/?s={search_term_string}\"},\"query-input\":{\"@type\":\"PropertyValueSpecification\",\"valueRequired\":true,\"valueName\":\"search_term_string\"}}],\"inLanguage\":\"de\"}]}<\/script>\n<!-- \/ Yoast SEO plugin. -->","yoast_head_json":{"title":"WER oder WAS verbirgt sich hinter Trend-Kids? - on the blog","robots":{"index":"index","follow":"follow","max-snippet":"max-snippet:-1","max-image-preview":"max-image-preview:large","max-video-preview":"max-video-preview:-1"},"canonical":"https:\/\/www.trendkids.de\/blog\/wer-oder-was-verbirgt-sich-hinter-trend-kids\/","og_locale":"de_DE","og_type":"article","og_title":"WER oder WAS verbirgt sich hinter Trend-Kids? - on the blog","og_description":"WER oder WAS verbirgt sich hinter Trend-Kids? WER? &#8230; das sind Karin Dammann und Monika Steffens. Zwei Freundinnen, die sich seit \u00fcber 35 Jahren kennen. Beide sind verheiratet und M\u00fctter von je zwei mittlerweile erwachsenen Kindern. Karin (Bild rechts) ist der Globetrotter unter den Trend-Kids M\u00e4dels, liebt es zu reisen und ferne L\u00e4nder,zu entdecken. Sportlich ... Weiterlesen ...","og_url":"https:\/\/www.trendkids.de\/blog\/wer-oder-was-verbirgt-sich-hinter-trend-kids\/","og_site_name":"on the blog","article_modified_time":"2019-05-10T01:28:36+00:00","og_image":[{"url":"https:\/\/www.trendkids.de\/blog\/wp-content\/uploads\/trendkids-team-1.jpg","type":"","width":"","height":""}],"twitter_misc":{"Gesch\u00e4tzte Lesezeit":"4\u00a0Minuten"},"schema":{"@context":"https:\/\/schema.org","@graph":[{"@type":"WebPage","@id":"https:\/\/www.trendkids.de\/blog\/wer-oder-was-verbirgt-sich-hinter-trend-kids\/","url":"https:\/\/www.trendkids.de\/blog\/wer-oder-was-verbirgt-sich-hinter-trend-kids\/","name":"WER oder WAS verbirgt sich hinter Trend-Kids? - on the blog","isPartOf":{"@id":"https:\/\/www.trendkids.de\/blog\/#website"},"primaryImageOfPage":{"@id":"https:\/\/www.trendkids.de\/blog\/wer-oder-was-verbirgt-sich-hinter-trend-kids\/#primaryimage"},"image":{"@id":"https:\/\/www.trendkids.de\/blog\/wer-oder-was-verbirgt-sich-hinter-trend-kids\/#primaryimage"},"thumbnailUrl":"https:\/\/www.trendkids.de\/blog\/wp-content\/uploads\/trendkids-team-1.jpg","datePublished":"2019-05-10T01:27:11+00:00","dateModified":"2019-05-10T01:28:36+00:00","breadcrumb":{"@id":"https:\/\/www.trendkids.de\/blog\/wer-oder-was-verbirgt-sich-hinter-trend-kids\/#breadcrumb"},"inLanguage":"de","potentialAction":[{"@type":"ReadAction","target":["https:\/\/www.trendkids.de\/blog\/wer-oder-was-verbirgt-sich-hinter-trend-kids\/"]}]},{"@type":"ImageObject","inLanguage":"de","@id":"https:\/\/www.trendkids.de\/blog\/wer-oder-was-verbirgt-sich-hinter-trend-kids\/#primaryimage","url":"https:\/\/www.trendkids.de\/blog\/wp-content\/uploads\/trendkids-team-1.jpg","contentUrl":"https:\/\/www.trendkids.de\/blog\/wp-content\/uploads\/trendkids-team-1.jpg","width":275,"height":175},{"@type":"BreadcrumbList","@id":"https:\/\/www.trendkids.de\/blog\/wer-oder-was-verbirgt-sich-hinter-trend-kids\/#breadcrumb","itemListElement":[{"@type":"ListItem","position":1,"name":"Startseite","item":"https:\/\/www.trendkids.de\/blog\/"},{"@type":"ListItem","position":2,"name":"WER oder WAS verbirgt sich hinter Trend-Kids?"}]},{"@type":"WebSite","@id":"https:\/\/www.trendkids.de\/blog\/#website","url":"https:\/\/www.trendkids.de\/blog\/","name":"on the blog","description":"m\u00fctter, kinder und mode im trend der zeit","potentialAction":[{"@type":"SearchAction","target":{"@type":"EntryPoint","urlTemplate":"https:\/\/www.trendkids.de\/blog\/?s={search_term_string}"},"query-input":{"@type":"PropertyValueSpecification","valueRequired":true,"valueName":"search_term_string"}}],"inLanguage":"de"}]}},"_links":{"self":[{"href":"https:\/\/www.trendkids.de\/blog\/wp-json\/wp\/v2\/pages\/1445","targetHints":{"allow":["GET"]}}],"collection":[{"href":"https:\/\/www.trendkids.de\/blog\/wp-json\/wp\/v2\/pages"}],"about":[{"href":"https:\/\/www.trendkids.de\/blog\/wp-json\/wp\/v2\/types\/page"}],"author":[{"embeddable":true,"href":"https:\/\/www.trendkids.de\/blog\/wp-json\/wp\/v2\/users\/1"}],"replies":[{"embeddable":true,"href":"https:\/\/www.trendkids.de\/blog\/wp-json\/wp\/v2\/comments?post=1445"}],"version-history":[{"count":2,"href":"https:\/\/www.trendkids.de\/blog\/wp-json\/wp\/v2\/pages\/1445\/revisions"}],"predecessor-version":[{"id":1448,"href":"https:\/\/www.trendkids.de\/blog\/wp-json\/wp\/v2\/pages\/1445\/revisions\/1448"}],"wp:attachment":[{"href":"https:\/\/www.trendkids.de\/blog\/wp-json\/wp\/v2\/media?parent=1445"}],"curies":[{"name":"wp","href":"https:\/\/api.w.org\/{rel}","templated":true}]}}